{"id":1477,"date":"2023-04-20T15:04:16","date_gmt":"2023-04-20T13:04:16","guid":{"rendered":"https:\/\/www.mequfibeachresort.com\/experience\/"},"modified":"2023-05-23T11:40:25","modified_gmt":"2023-05-23T09:40:25","slug":"experiencias","status":"publish","type":"page","link":"https:\/\/www.mequfibeachresort.com\/pt-pt\/experiencias\/","title":{"rendered":"Experi\u00eancias"},"content":{"rendered":"<p>Mequfi Beach Resort em Mo\u00e7ambique voc\u00ea pode ter experi\u00eancias \u00fanicas.<\/p>\n","protected":false},"excerpt":{"rendered":"<p>Mequfi Beach Resort em Mo\u00e7ambique voc\u00ea pode ter experi\u00eancias \u00fanicas.<\/p>\n","protected":false},"author":1,"featured_media":0,"parent":0,"menu_order":0,"comment_status":"closed","ping_status":"closed","template":"template\/template.riepilogo-categoria.php","meta":{"_acf_changed":false},"class_list":["post-1477","page","type-page","status-publish","hentry"],"acf":[],"yoast_head":"<!-- This site is optimized with the Yoast SEO plugin v27.5 - https:\/\/yoast.com\/product\/yoast-seo-wordpress\/ -->\n<title>Mequfi beach resort Mozambique - experi\u00eancias \u00fanicas<\/title>\n<meta name=\"description\" content=\"Mequfi Beach Resort em Mo\u00e7ambique voc\u00ea pode ter experi\u00eancias \u00fanicas. UM PIQUENIQUE GOURMET - JANTAR SOB AS ESTRELAS - OBSERVA\u00c7\u00c3O DE BALEIAS.\" \/>\n<meta name=\"robots\" content=\"index, follow, max-snippet:-1, max-image-preview:large, max-video-preview:-1\" \/>\n<link rel=\"canonical\" href=\"https:\/\/www.mequfibeachresort.com\/pt-pt\/experiencias\/\" \/>\n<meta property=\"og:locale\" content=\"pt_PT\" \/>\n<meta property=\"og:type\" content=\"article\" \/>\n<meta property=\"og:title\" content=\"Mequfi beach resort Mozambique - experi\u00eancias \u00fanicas\" \/>\n<meta property=\"og:description\" content=\"Mequfi Beach Resort em Mo\u00e7ambique voc\u00ea pode ter experi\u00eancias \u00fanicas. UM PIQUENIQUE GOURMET - JANTAR SOB AS ESTRELAS - OBSERVA\u00c7\u00c3O DE BALEIAS.\" \/>\n<meta property=\"og:url\" content=\"https:\/\/www.mequfibeachresort.com\/pt-pt\/experiencias\/\" \/>\n<meta property=\"og:site_name\" content=\"Mequfi Beach Resort\" \/>\n<meta property=\"article:modified_time\" content=\"2023-05-23T09:40:25+00:00\" \/>\n<meta name=\"twitter:card\" content=\"summary_large_image\" \/>\n<meta name=\"twitter:label1\" content=\"Tempo estimado de leitura\" \/>\n\t<meta name=\"twitter:data1\" content=\"1 minuto\" \/>\n<script type=\"application\/ld+json\" class=\"yoast-schema-graph\">{\"@context\":\"https:\\\/\\\/schema.org\",\"@graph\":[{\"@type\":\"WebPage\",\"@id\":\"https:\\\/\\\/www.mequfibeachresort.com\\\/pt-pt\\\/experiencias\\\/\",\"url\":\"https:\\\/\\\/www.mequfibeachresort.com\\\/pt-pt\\\/experiencias\\\/\",\"name\":\"Mequfi beach resort Mozambique - experi\u00eancias \u00fanicas\",\"isPartOf\":{\"@id\":\"https:\\\/\\\/www.mequfibeachresort.com\\\/#website\"},\"datePublished\":\"2023-04-20T13:04:16+00:00\",\"dateModified\":\"2023-05-23T09:40:25+00:00\",\"description\":\"Mequfi Beach Resort em Mo\u00e7ambique voc\u00ea pode ter experi\u00eancias \u00fanicas. UM PIQUENIQUE GOURMET - JANTAR SOB AS ESTRELAS - OBSERVA\u00c7\u00c3O DE BALEIAS.\",\"breadcrumb\":{\"@id\":\"https:\\\/\\\/www.mequfibeachresort.com\\\/pt-pt\\\/experiencias\\\/#breadcrumb\"},\"inLanguage\":\"pt-PT\",\"potentialAction\":[{\"@type\":\"ReadAction\",\"target\":[\"https:\\\/\\\/www.mequfibeachresort.com\\\/pt-pt\\\/experiencias\\\/\"]}]},{\"@type\":\"BreadcrumbList\",\"@id\":\"https:\\\/\\\/www.mequfibeachresort.com\\\/pt-pt\\\/experiencias\\\/#breadcrumb\",\"itemListElement\":[{\"@type\":\"ListItem\",\"position\":1,\"name\":\"Home\",\"item\":\"https:\\\/\\\/www.mequfibeachresort.com\\\/pt-pt\\\/\"},{\"@type\":\"ListItem\",\"position\":2,\"name\":\"Experi\u00eancias\"}]},{\"@type\":\"WebSite\",\"@id\":\"https:\\\/\\\/www.mequfibeachresort.com\\\/#website\",\"url\":\"https:\\\/\\\/www.mequfibeachresort.com\\\/\",\"name\":\"Mequfi Beach Resort\",\"description\":\"\",\"potentialAction\":[{\"@type\":\"SearchAction\",\"target\":{\"@type\":\"EntryPoint\",\"urlTemplate\":\"https:\\\/\\\/www.mequfibeachresort.com\\\/?s={search_term_string}\"},\"query-input\":{\"@type\":\"PropertyValueSpecification\",\"valueRequired\":true,\"valueName\":\"search_term_string\"}}],\"inLanguage\":\"pt-PT\"}]}<\/script>\n<!-- \/ Yoast SEO plugin. -->","yoast_head_json":{"title":"Mequfi beach resort Mozambique - experi\u00eancias \u00fanicas","description":"Mequfi Beach Resort em Mo\u00e7ambique voc\u00ea pode ter experi\u00eancias \u00fanicas. UM PIQUENIQUE GOURMET - JANTAR SOB AS ESTRELAS - OBSERVA\u00c7\u00c3O DE BALEIAS.","robots":{"index":"index","follow":"follow","max-snippet":"max-snippet:-1","max-image-preview":"max-image-preview:large","max-video-preview":"max-video-preview:-1"},"canonical":"https:\/\/www.mequfibeachresort.com\/pt-pt\/experiencias\/","og_locale":"pt_PT","og_type":"article","og_title":"Mequfi beach resort Mozambique - experi\u00eancias \u00fanicas","og_description":"Mequfi Beach Resort em Mo\u00e7ambique voc\u00ea pode ter experi\u00eancias \u00fanicas. UM PIQUENIQUE GOURMET - JANTAR SOB AS ESTRELAS - OBSERVA\u00c7\u00c3O DE BALEIAS.","og_url":"https:\/\/www.mequfibeachresort.com\/pt-pt\/experiencias\/","og_site_name":"Mequfi Beach Resort","article_modified_time":"2023-05-23T09:40:25+00:00","twitter_card":"summary_large_image","twitter_misc":{"Tempo estimado de leitura":"1 minuto"},"schema":{"@context":"https:\/\/schema.org","@graph":[{"@type":"WebPage","@id":"https:\/\/www.mequfibeachresort.com\/pt-pt\/experiencias\/","url":"https:\/\/www.mequfibeachresort.com\/pt-pt\/experiencias\/","name":"Mequfi beach resort Mozambique - experi\u00eancias \u00fanicas","isPartOf":{"@id":"https:\/\/www.mequfibeachresort.com\/#website"},"datePublished":"2023-04-20T13:04:16+00:00","dateModified":"2023-05-23T09:40:25+00:00","description":"Mequfi Beach Resort em Mo\u00e7ambique voc\u00ea pode ter experi\u00eancias \u00fanicas. UM PIQUENIQUE GOURMET - JANTAR SOB AS ESTRELAS - OBSERVA\u00c7\u00c3O DE BALEIAS.","breadcrumb":{"@id":"https:\/\/www.mequfibeachresort.com\/pt-pt\/experiencias\/#breadcrumb"},"inLanguage":"pt-PT","potentialAction":[{"@type":"ReadAction","target":["https:\/\/www.mequfibeachresort.com\/pt-pt\/experiencias\/"]}]},{"@type":"BreadcrumbList","@id":"https:\/\/www.mequfibeachresort.com\/pt-pt\/experiencias\/#breadcrumb","itemListElement":[{"@type":"ListItem","position":1,"name":"Home","item":"https:\/\/www.mequfibeachresort.com\/pt-pt\/"},{"@type":"ListItem","position":2,"name":"Experi\u00eancias"}]},{"@type":"WebSite","@id":"https:\/\/www.mequfibeachresort.com\/#website","url":"https:\/\/www.mequfibeachresort.com\/","name":"Mequfi Beach Resort","description":"","potentialAction":[{"@type":"SearchAction","target":{"@type":"EntryPoint","urlTemplate":"https:\/\/www.mequfibeachresort.com\/?s={search_term_string}"},"query-input":{"@type":"PropertyValueSpecification","valueRequired":true,"valueName":"search_term_string"}}],"inLanguage":"pt-PT"}]}},"_links":{"self":[{"href":"https:\/\/www.mequfibeachresort.com\/pt-pt\/wp-json\/wp\/v2\/pages\/1477","targetHints":{"allow":["GET"]}}],"collection":[{"href":"https:\/\/www.mequfibeachresort.com\/pt-pt\/wp-json\/wp\/v2\/pages"}],"about":[{"href":"https:\/\/www.mequfibeachresort.com\/pt-pt\/wp-json\/wp\/v2\/types\/page"}],"author":[{"embeddable":true,"href":"https:\/\/www.mequfibeachresort.com\/pt-pt\/wp-json\/wp\/v2\/users\/1"}],"replies":[{"embeddable":true,"href":"https:\/\/www.mequfibeachresort.com\/pt-pt\/wp-json\/wp\/v2\/comments?post=1477"}],"version-history":[{"count":0,"href":"https:\/\/www.mequfibeachresort.com\/pt-pt\/wp-json\/wp\/v2\/pages\/1477\/revisions"}],"wp:attachment":[{"href":"https:\/\/www.mequfibeachresort.com\/pt-pt\/wp-json\/wp\/v2\/media?parent=1477"}],"curies":[{"name":"wp","href":"https:\/\/api.w.org\/{rel}","templated":true}]}}