{"id":1474,"date":"2023-04-20T16:33:38","date_gmt":"2023-04-20T14:33:38","guid":{"rendered":"https:\/\/www.mequfibeachresort.com\/excursions\/"},"modified":"2023-05-23T11:23:42","modified_gmt":"2023-05-23T09:23:42","slug":"escursoes","status":"publish","type":"page","link":"https:\/\/www.mequfibeachresort.com\/pt-pt\/escursoes\/","title":{"rendered":"Escurs\u00f5es"},"content":{"rendered":"<p>Existem diferentes excurs\u00f5es, que foram criados a fim de descobrir o Mo\u00e7ambique.<\/p>\n","protected":false},"excerpt":{"rendered":"<p>Existem diferentes excurs\u00f5es, que foram criados a fim de descobrir o Mo\u00e7ambique.<\/p>\n","protected":false},"author":1,"featured_media":0,"parent":0,"menu_order":0,"comment_status":"closed","ping_status":"closed","template":"template\/template.riepilogo-categoria.php","meta":{"_acf_changed":false},"class_list":["post-1474","page","type-page","status-publish","hentry"],"acf":[],"yoast_head":"<!-- This site is optimized with the Yoast SEO plugin v27.3 - https:\/\/yoast.com\/product\/yoast-seo-wordpress\/ -->\n<title>Excurs\u00f5es Mequfi Beach Resort Pemba - Mo\u00e7ambique<\/title>\n<meta name=\"description\" content=\"Mequfi Beach Resort Pemba Mo\u00e7ambique. Excurs\u00f5es: Mergulho e snorkeling, observa\u00e7\u00e3o de baleias, pesca em alto mar.\" \/>\n<meta name=\"robots\" content=\"index, follow, max-snippet:-1, max-image-preview:large, max-video-preview:-1\" \/>\n<link rel=\"canonical\" href=\"https:\/\/www.mequfibeachresort.com\/pt-pt\/escursoes\/\" \/>\n<meta property=\"og:locale\" content=\"pt_PT\" \/>\n<meta property=\"og:type\" content=\"article\" \/>\n<meta property=\"og:title\" content=\"Excurs\u00f5es Mequfi Beach Resort Pemba - Mo\u00e7ambique\" \/>\n<meta property=\"og:description\" content=\"Mequfi Beach Resort Pemba Mo\u00e7ambique. Excurs\u00f5es: Mergulho e snorkeling, observa\u00e7\u00e3o de baleias, pesca em alto mar.\" \/>\n<meta property=\"og:url\" content=\"https:\/\/www.mequfibeachresort.com\/pt-pt\/escursoes\/\" \/>\n<meta property=\"og:site_name\" content=\"Mequfi Beach Resort\" \/>\n<meta property=\"article:modified_time\" content=\"2023-05-23T09:23:42+00:00\" \/>\n<meta name=\"twitter:card\" content=\"summary_large_image\" \/>\n<meta name=\"twitter:label1\" content=\"Tempo estimado de leitura\" \/>\n\t<meta name=\"twitter:data1\" content=\"1 minuto\" \/>\n<script type=\"application\/ld+json\" class=\"yoast-schema-graph\">{\"@context\":\"https:\\\/\\\/schema.org\",\"@graph\":[{\"@type\":\"WebPage\",\"@id\":\"https:\\\/\\\/www.mequfibeachresort.com\\\/pt-pt\\\/escursoes\\\/\",\"url\":\"https:\\\/\\\/www.mequfibeachresort.com\\\/pt-pt\\\/escursoes\\\/\",\"name\":\"Excurs\u00f5es Mequfi Beach Resort Pemba - Mo\u00e7ambique\",\"isPartOf\":{\"@id\":\"https:\\\/\\\/www.mequfibeachresort.com\\\/#website\"},\"datePublished\":\"2023-04-20T14:33:38+00:00\",\"dateModified\":\"2023-05-23T09:23:42+00:00\",\"description\":\"Mequfi Beach Resort Pemba Mo\u00e7ambique. Excurs\u00f5es: Mergulho e snorkeling, observa\u00e7\u00e3o de baleias, pesca em alto mar.\",\"breadcrumb\":{\"@id\":\"https:\\\/\\\/www.mequfibeachresort.com\\\/pt-pt\\\/escursoes\\\/#breadcrumb\"},\"inLanguage\":\"pt-PT\",\"potentialAction\":[{\"@type\":\"ReadAction\",\"target\":[\"https:\\\/\\\/www.mequfibeachresort.com\\\/pt-pt\\\/escursoes\\\/\"]}]},{\"@type\":\"BreadcrumbList\",\"@id\":\"https:\\\/\\\/www.mequfibeachresort.com\\\/pt-pt\\\/escursoes\\\/#breadcrumb\",\"itemListElement\":[{\"@type\":\"ListItem\",\"position\":1,\"name\":\"Home\",\"item\":\"https:\\\/\\\/www.mequfibeachresort.com\\\/pt-pt\\\/\"},{\"@type\":\"ListItem\",\"position\":2,\"name\":\"Escurs\u00f5es\"}]},{\"@type\":\"WebSite\",\"@id\":\"https:\\\/\\\/www.mequfibeachresort.com\\\/#website\",\"url\":\"https:\\\/\\\/www.mequfibeachresort.com\\\/\",\"name\":\"Mequfi Beach Resort\",\"description\":\"\",\"potentialAction\":[{\"@type\":\"SearchAction\",\"target\":{\"@type\":\"EntryPoint\",\"urlTemplate\":\"https:\\\/\\\/www.mequfibeachresort.com\\\/?s={search_term_string}\"},\"query-input\":{\"@type\":\"PropertyValueSpecification\",\"valueRequired\":true,\"valueName\":\"search_term_string\"}}],\"inLanguage\":\"pt-PT\"}]}<\/script>\n<!-- \/ Yoast SEO plugin. -->","yoast_head_json":{"title":"Excurs\u00f5es Mequfi Beach Resort Pemba - Mo\u00e7ambique","description":"Mequfi Beach Resort Pemba Mo\u00e7ambique. Excurs\u00f5es: Mergulho e snorkeling, observa\u00e7\u00e3o de baleias, pesca em alto mar.","robots":{"index":"index","follow":"follow","max-snippet":"max-snippet:-1","max-image-preview":"max-image-preview:large","max-video-preview":"max-video-preview:-1"},"canonical":"https:\/\/www.mequfibeachresort.com\/pt-pt\/escursoes\/","og_locale":"pt_PT","og_type":"article","og_title":"Excurs\u00f5es Mequfi Beach Resort Pemba - Mo\u00e7ambique","og_description":"Mequfi Beach Resort Pemba Mo\u00e7ambique. Excurs\u00f5es: Mergulho e snorkeling, observa\u00e7\u00e3o de baleias, pesca em alto mar.","og_url":"https:\/\/www.mequfibeachresort.com\/pt-pt\/escursoes\/","og_site_name":"Mequfi Beach Resort","article_modified_time":"2023-05-23T09:23:42+00:00","twitter_card":"summary_large_image","twitter_misc":{"Tempo estimado de leitura":"1 minuto"},"schema":{"@context":"https:\/\/schema.org","@graph":[{"@type":"WebPage","@id":"https:\/\/www.mequfibeachresort.com\/pt-pt\/escursoes\/","url":"https:\/\/www.mequfibeachresort.com\/pt-pt\/escursoes\/","name":"Excurs\u00f5es Mequfi Beach Resort Pemba - Mo\u00e7ambique","isPartOf":{"@id":"https:\/\/www.mequfibeachresort.com\/#website"},"datePublished":"2023-04-20T14:33:38+00:00","dateModified":"2023-05-23T09:23:42+00:00","description":"Mequfi Beach Resort Pemba Mo\u00e7ambique. Excurs\u00f5es: Mergulho e snorkeling, observa\u00e7\u00e3o de baleias, pesca em alto mar.","breadcrumb":{"@id":"https:\/\/www.mequfibeachresort.com\/pt-pt\/escursoes\/#breadcrumb"},"inLanguage":"pt-PT","potentialAction":[{"@type":"ReadAction","target":["https:\/\/www.mequfibeachresort.com\/pt-pt\/escursoes\/"]}]},{"@type":"BreadcrumbList","@id":"https:\/\/www.mequfibeachresort.com\/pt-pt\/escursoes\/#breadcrumb","itemListElement":[{"@type":"ListItem","position":1,"name":"Home","item":"https:\/\/www.mequfibeachresort.com\/pt-pt\/"},{"@type":"ListItem","position":2,"name":"Escurs\u00f5es"}]},{"@type":"WebSite","@id":"https:\/\/www.mequfibeachresort.com\/#website","url":"https:\/\/www.mequfibeachresort.com\/","name":"Mequfi Beach Resort","description":"","potentialAction":[{"@type":"SearchAction","target":{"@type":"EntryPoint","urlTemplate":"https:\/\/www.mequfibeachresort.com\/?s={search_term_string}"},"query-input":{"@type":"PropertyValueSpecification","valueRequired":true,"valueName":"search_term_string"}}],"inLanguage":"pt-PT"}]}},"_links":{"self":[{"href":"https:\/\/www.mequfibeachresort.com\/pt-pt\/wp-json\/wp\/v2\/pages\/1474","targetHints":{"allow":["GET"]}}],"collection":[{"href":"https:\/\/www.mequfibeachresort.com\/pt-pt\/wp-json\/wp\/v2\/pages"}],"about":[{"href":"https:\/\/www.mequfibeachresort.com\/pt-pt\/wp-json\/wp\/v2\/types\/page"}],"author":[{"embeddable":true,"href":"https:\/\/www.mequfibeachresort.com\/pt-pt\/wp-json\/wp\/v2\/users\/1"}],"replies":[{"embeddable":true,"href":"https:\/\/www.mequfibeachresort.com\/pt-pt\/wp-json\/wp\/v2\/comments?post=1474"}],"version-history":[{"count":0,"href":"https:\/\/www.mequfibeachresort.com\/pt-pt\/wp-json\/wp\/v2\/pages\/1474\/revisions"}],"wp:attachment":[{"href":"https:\/\/www.mequfibeachresort.com\/pt-pt\/wp-json\/wp\/v2\/media?parent=1474"}],"curies":[{"name":"wp","href":"https:\/\/api.w.org\/{rel}","templated":true}]}}