{"id":1471,"date":"2023-04-27T15:39:57","date_gmt":"2023-04-27T13:39:57","guid":{"rendered":"https:\/\/www.mequfibeachresort.com\/location-how-to-get-the\/"},"modified":"2023-05-22T16:56:40","modified_gmt":"2023-05-22T14:56:40","slug":"como-chegar-a-pemba-em-mocambique","status":"publish","type":"page","link":"https:\/\/www.mequfibeachresort.com\/pt-pt\/como-chegar-a-pemba-em-mocambique\/","title":{"rendered":"Como chegar a Pemba em Mo\u00e7ambique"},"content":{"rendered":"<p><strong>Passaporte \u00e9 obrigat\u00f3rio<\/strong>, com validade residual de pelo menos seis meses. \u00c9 essencial que seu passaporte tenha pelo menos duas p\u00e1ginas em branco. O Bilhete de Retorno \u00e9 obrigat\u00f3rio. A confirma\u00e7\u00e3o da reserva do resort \u00e9 obrigat\u00f3ria.<\/p>\n<h3>Visto de entrada:<\/h3>\n<p>Os portadores de passaporte da SADC podem entrar em Mo\u00e7ambique sem Visto de Turismo. Est\u00e3o tamb\u00e9m isentas de Visto de Turismo as seguintes nacionalidades: Portugal, B\u00e9lgica, Canad\u00e1, China, Dinamarca, Finl\u00e2ndia, Fran\u00e7a, Alemanha, Gana, Indon\u00e9sia, Irlanda, Israel, It\u00e1lia, Costa do Marfim, Jap\u00e3o, Holanda, Noruega, R\u00fassia, Ar\u00e1bia Saudita, Senegal, Singapura, Coreia do Sul, Espanha, Su\u00e9cia, Su\u00ed\u00e7a, Ucr\u00e2nia, Emirados \u00c1rabes Unidos, Reino Unido e Estados Unidos da Am\u00e9rica. Todas as outras nacionalidades devem requerer o VISTO DE TURISMO antes da partida. Visite <strong>https:\/\/evisa.gov.mz\/<\/strong> ou contacte a Embaixada de Mo\u00e7ambique no seu Pa\u00eds de Resid\u00eancia.<\/p>\n<h4>Voos para Pemba<\/h4>\n<p>Pemba\u2013Mo\u00e7ambique pode ser acessado de todo o mundo com v\u00e1rias companhias a\u00e9reas, incluindo:<\/p>\n<ul>\n<li>Da Europa: A maioria das companhias a\u00e9reas voa para Pemba via Joanesburgo ou Dar es Salam<\/li>\n<li>Da \u00c1frica do Sul: AIRLINK.<\/li>\n<li>Da Tanz\u00e2nia: LAM<\/li>\n<\/ul>\n<h4>Traslado do aeroporto<\/h4>\n<p><strong>O Mequfi Beach Resort fica a 1 hora de carro do Aeroporto de Pemba<\/strong>. Um servi\u00e7o de <strong>transfer A\/R est\u00e1 dispon\u00edvel do aeroporto para o resort<\/strong>, organizado pelo hotel. <strong>Voc\u00ea pode reservar sua transfer\u00eancia diretamente online em nosso site<\/strong> no momento da reserva do quarto ou entrando em contato diretamente com o endere\u00e7o de e-mail bookings.mequfi@renco.it<\/p>\n","protected":false},"excerpt":{"rendered":"<p>Passaporte \u00e9 obrigat\u00f3rio, com validade residual de pelo menos seis meses. \u00c9 essencial que seu passaporte tenha pelo menos duas p\u00e1ginas em branco. O Bilhete de Retorno \u00e9 obrigat\u00f3rio. A confirma\u00e7\u00e3o da reserva do resort \u00e9 obrigat\u00f3ria. Visto de entrada: Os portadores de passaporte da SADC podem entrar em Mo\u00e7ambique sem Visto de Turismo. Est\u00e3o tamb\u00e9m isentas de Visto de Turismo as seguintes nacionalidades: Portugal, B\u00e9lgica, Canad\u00e1, China, Dinamarca, Finl\u00e2ndia, &#8230;<\/p>\n","protected":false},"author":1,"featured_media":0,"parent":0,"menu_order":0,"comment_status":"closed","ping_status":"closed","template":"","meta":{"_acf_changed":false},"class_list":["post-1471","page","type-page","status-publish","hentry"],"acf":[],"yoast_head":"<!-- This site is optimized with the Yoast SEO plugin v27.3 - https:\/\/yoast.com\/product\/yoast-seo-wordpress\/ -->\n<title>Como chegar a Pemba em Mo\u00e7ambique - Mequfi Beach Resort<\/title>\n<meta name=\"description\" content=\"O Mequfi Beach Resort fica a 1 hora de carro do Aeroporto de Pemba. O servi\u00e7o de transfer est\u00e1 dispon\u00edvel , organizado pelo hotel.\" \/>\n<meta name=\"robots\" content=\"index, follow, max-snippet:-1, max-image-preview:large, max-video-preview:-1\" \/>\n<link rel=\"canonical\" href=\"https:\/\/www.mequfibeachresort.com\/pt-pt\/como-chegar-a-pemba-em-mocambique\/\" \/>\n<meta property=\"og:locale\" content=\"pt_PT\" \/>\n<meta property=\"og:type\" content=\"article\" \/>\n<meta property=\"og:title\" content=\"Como chegar a Pemba em Mo\u00e7ambique - Mequfi Beach Resort\" \/>\n<meta property=\"og:description\" content=\"O Mequfi Beach Resort fica a 1 hora de carro do Aeroporto de Pemba. O servi\u00e7o de transfer est\u00e1 dispon\u00edvel , organizado pelo hotel.\" \/>\n<meta property=\"og:url\" content=\"https:\/\/www.mequfibeachresort.com\/pt-pt\/como-chegar-a-pemba-em-mocambique\/\" \/>\n<meta property=\"og:site_name\" content=\"Mequfi Beach Resort\" \/>\n<meta property=\"article:modified_time\" content=\"2023-05-22T14:56:40+00:00\" \/>\n<meta name=\"twitter:card\" content=\"summary_large_image\" \/>\n<meta name=\"twitter:label1\" content=\"Tempo estimado de leitura\" \/>\n\t<meta name=\"twitter:data1\" content=\"2 minutos\" \/>\n<script type=\"application\/ld+json\" class=\"yoast-schema-graph\">{\"@context\":\"https:\\\/\\\/schema.org\",\"@graph\":[{\"@type\":\"WebPage\",\"@id\":\"https:\\\/\\\/www.mequfibeachresort.com\\\/pt-pt\\\/como-chegar-a-pemba-em-mocambique\\\/\",\"url\":\"https:\\\/\\\/www.mequfibeachresort.com\\\/pt-pt\\\/como-chegar-a-pemba-em-mocambique\\\/\",\"name\":\"Como chegar a Pemba em Mo\u00e7ambique - Mequfi Beach Resort\",\"isPartOf\":{\"@id\":\"https:\\\/\\\/www.mequfibeachresort.com\\\/#website\"},\"datePublished\":\"2023-04-27T13:39:57+00:00\",\"dateModified\":\"2023-05-22T14:56:40+00:00\",\"description\":\"O Mequfi Beach Resort fica a 1 hora de carro do Aeroporto de Pemba. O servi\u00e7o de transfer est\u00e1 dispon\u00edvel , organizado pelo hotel.\",\"breadcrumb\":{\"@id\":\"https:\\\/\\\/www.mequfibeachresort.com\\\/pt-pt\\\/como-chegar-a-pemba-em-mocambique\\\/#breadcrumb\"},\"inLanguage\":\"pt-PT\",\"potentialAction\":[{\"@type\":\"ReadAction\",\"target\":[\"https:\\\/\\\/www.mequfibeachresort.com\\\/pt-pt\\\/como-chegar-a-pemba-em-mocambique\\\/\"]}]},{\"@type\":\"BreadcrumbList\",\"@id\":\"https:\\\/\\\/www.mequfibeachresort.com\\\/pt-pt\\\/como-chegar-a-pemba-em-mocambique\\\/#breadcrumb\",\"itemListElement\":[{\"@type\":\"ListItem\",\"position\":1,\"name\":\"Home\",\"item\":\"https:\\\/\\\/www.mequfibeachresort.com\\\/pt-pt\\\/\"},{\"@type\":\"ListItem\",\"position\":2,\"name\":\"Como chegar a Pemba em Mo\u00e7ambique\"}]},{\"@type\":\"WebSite\",\"@id\":\"https:\\\/\\\/www.mequfibeachresort.com\\\/#website\",\"url\":\"https:\\\/\\\/www.mequfibeachresort.com\\\/\",\"name\":\"Mequfi Beach Resort\",\"description\":\"\",\"potentialAction\":[{\"@type\":\"SearchAction\",\"target\":{\"@type\":\"EntryPoint\",\"urlTemplate\":\"https:\\\/\\\/www.mequfibeachresort.com\\\/?s={search_term_string}\"},\"query-input\":{\"@type\":\"PropertyValueSpecification\",\"valueRequired\":true,\"valueName\":\"search_term_string\"}}],\"inLanguage\":\"pt-PT\"}]}<\/script>\n<!-- \/ Yoast SEO plugin. -->","yoast_head_json":{"title":"Como chegar a Pemba em Mo\u00e7ambique - Mequfi Beach Resort","description":"O Mequfi Beach Resort fica a 1 hora de carro do Aeroporto de Pemba. O servi\u00e7o de transfer est\u00e1 dispon\u00edvel , organizado pelo hotel.","robots":{"index":"index","follow":"follow","max-snippet":"max-snippet:-1","max-image-preview":"max-image-preview:large","max-video-preview":"max-video-preview:-1"},"canonical":"https:\/\/www.mequfibeachresort.com\/pt-pt\/como-chegar-a-pemba-em-mocambique\/","og_locale":"pt_PT","og_type":"article","og_title":"Como chegar a Pemba em Mo\u00e7ambique - Mequfi Beach Resort","og_description":"O Mequfi Beach Resort fica a 1 hora de carro do Aeroporto de Pemba. O servi\u00e7o de transfer est\u00e1 dispon\u00edvel , organizado pelo hotel.","og_url":"https:\/\/www.mequfibeachresort.com\/pt-pt\/como-chegar-a-pemba-em-mocambique\/","og_site_name":"Mequfi Beach Resort","article_modified_time":"2023-05-22T14:56:40+00:00","twitter_card":"summary_large_image","twitter_misc":{"Tempo estimado de leitura":"2 minutos"},"schema":{"@context":"https:\/\/schema.org","@graph":[{"@type":"WebPage","@id":"https:\/\/www.mequfibeachresort.com\/pt-pt\/como-chegar-a-pemba-em-mocambique\/","url":"https:\/\/www.mequfibeachresort.com\/pt-pt\/como-chegar-a-pemba-em-mocambique\/","name":"Como chegar a Pemba em Mo\u00e7ambique - Mequfi Beach Resort","isPartOf":{"@id":"https:\/\/www.mequfibeachresort.com\/#website"},"datePublished":"2023-04-27T13:39:57+00:00","dateModified":"2023-05-22T14:56:40+00:00","description":"O Mequfi Beach Resort fica a 1 hora de carro do Aeroporto de Pemba. O servi\u00e7o de transfer est\u00e1 dispon\u00edvel , organizado pelo hotel.","breadcrumb":{"@id":"https:\/\/www.mequfibeachresort.com\/pt-pt\/como-chegar-a-pemba-em-mocambique\/#breadcrumb"},"inLanguage":"pt-PT","potentialAction":[{"@type":"ReadAction","target":["https:\/\/www.mequfibeachresort.com\/pt-pt\/como-chegar-a-pemba-em-mocambique\/"]}]},{"@type":"BreadcrumbList","@id":"https:\/\/www.mequfibeachresort.com\/pt-pt\/como-chegar-a-pemba-em-mocambique\/#breadcrumb","itemListElement":[{"@type":"ListItem","position":1,"name":"Home","item":"https:\/\/www.mequfibeachresort.com\/pt-pt\/"},{"@type":"ListItem","position":2,"name":"Como chegar a Pemba em Mo\u00e7ambique"}]},{"@type":"WebSite","@id":"https:\/\/www.mequfibeachresort.com\/#website","url":"https:\/\/www.mequfibeachresort.com\/","name":"Mequfi Beach Resort","description":"","potentialAction":[{"@type":"SearchAction","target":{"@type":"EntryPoint","urlTemplate":"https:\/\/www.mequfibeachresort.com\/?s={search_term_string}"},"query-input":{"@type":"PropertyValueSpecification","valueRequired":true,"valueName":"search_term_string"}}],"inLanguage":"pt-PT"}]}},"_links":{"self":[{"href":"https:\/\/www.mequfibeachresort.com\/pt-pt\/wp-json\/wp\/v2\/pages\/1471","targetHints":{"allow":["GET"]}}],"collection":[{"href":"https:\/\/www.mequfibeachresort.com\/pt-pt\/wp-json\/wp\/v2\/pages"}],"about":[{"href":"https:\/\/www.mequfibeachresort.com\/pt-pt\/wp-json\/wp\/v2\/types\/page"}],"author":[{"embeddable":true,"href":"https:\/\/www.mequfibeachresort.com\/pt-pt\/wp-json\/wp\/v2\/users\/1"}],"replies":[{"embeddable":true,"href":"https:\/\/www.mequfibeachresort.com\/pt-pt\/wp-json\/wp\/v2\/comments?post=1471"}],"version-history":[{"count":0,"href":"https:\/\/www.mequfibeachresort.com\/pt-pt\/wp-json\/wp\/v2\/pages\/1471\/revisions"}],"wp:attachment":[{"href":"https:\/\/www.mequfibeachresort.com\/pt-pt\/wp-json\/wp\/v2\/media?parent=1471"}],"curies":[{"name":"wp","href":"https:\/\/api.w.org\/{rel}","templated":true}]}}