{"id":1469,"date":"2023-04-27T18:54:24","date_gmt":"2023-04-27T16:54:24","guid":{"rendered":"https:\/\/www.mequfibeachresort.com\/mozambique\/"},"modified":"2023-05-22T16:03:43","modified_gmt":"2023-05-22T14:03:43","slug":"mocambique","status":"publish","type":"page","link":"https:\/\/www.mequfibeachresort.com\/pt-pt\/mocambique\/","title":{"rendered":"Mo\u00e7ambique o caminho mais curto para alcan\u00e7ar a si mesmo \u00e9 uma volta ao redor do mundo"},"content":{"rendered":"<p>Destino exclusivo e ainda incontaminado, <strong>possui as praias entre as mais bonitas do mundo<\/strong>, extens\u00f5es com quil\u00f3metros de comprimento que contrastam com o azul do Oceano \u00cdndico. Ideal para <strong>mergulhos, observa\u00e7\u00e3o de baleias e tubar\u00f5es e muitas outras esp\u00e9cies de animais.<\/strong> Para os apaixonados de Safari, n\u00e3o percam o famoso <strong>parque nacional de Gorongosa<\/strong>.<\/p>\n<p>Mo\u00e7ambique, ex-col\u00f3nia portuguesa independente desde 1975, \u00e9 um estado do sudeste da \u00c1frica, com uma popula\u00e7\u00e3o de aproximadamente 25,2 milh\u00f5es de habitantes. A capital \u00e9 Maputo e o pa\u00eds faz fronteira com a Tanz\u00e2nia ao norte, Malawi e Z\u00e2mbia a noroeste, com o Canal de Mo\u00e7ambique a leste, o qual o divide de Madag\u00e1scar, com a \u00c1frica do Sul e a Suazil\u00e2ndia a sudoeste e com o Zimbabu\u00e9 a oeste. Mo\u00e7ambique \u00e9 considerado um pa\u00eds em desenvolvimento, que est\u00e1 a emergir como <strong>destino exclusivo e excepcional pelas suas paisagens intactas.<\/strong><\/p>\n<p>A partir da segunda metade dos anos noventa, <strong>Mo\u00e7ambique empenhou-se pela institui\u00e7\u00e3o de \u00e1reas protegidas<\/strong>, criando<strong> parques nacionais e reservas naturais.<\/strong> Os parques nacionais mais importantes s\u00e3o: O <strong>Parque Nacional de Banhine<\/strong>, o <strong>Parque de Gorongosa<\/strong>, o <strong>Parque Nacional de Zinave e o Parque de Limpopo<\/strong>. Em 1991, a <strong>Ilha de Mo\u00e7ambique foi declarada Patrim\u00f3nio da Humanidade.<\/strong><\/p>\n<h3>Pratos t\u00edpicos de mo\u00e7ambique<\/h3>\n<p>A culin\u00e1ria Mo\u00e7ambicana foi muito influenciada pela cozinha portuguesa. Descubram os pratos t\u00edpicos que poder\u00e3o encontrar neste novo e exclusivo destino.<\/p>\n","protected":false},"excerpt":{"rendered":"<p>Destino exclusivo e ainda incontaminado, possui as praias entre as mais bonitas do mundo, extens\u00f5es com quil\u00f3metros de comprimento que contrastam com o azul do Oceano \u00cdndico. Ideal para mergulhos, observa\u00e7\u00e3o de baleias e tubar\u00f5es e muitas outras esp\u00e9cies de animais. Para os apaixonados de Safari, n\u00e3o percam o famoso parque nacional de Gorongosa. Mo\u00e7ambique, ex-col\u00f3nia portuguesa independente desde 1975, \u00e9 um estado do sudeste da \u00c1frica, com uma popula\u00e7\u00e3o &#8230;<\/p>\n","protected":false},"author":1,"featured_media":0,"parent":0,"menu_order":0,"comment_status":"closed","ping_status":"closed","template":"","meta":{"_acf_changed":false},"class_list":["post-1469","page","type-page","status-publish","hentry"],"acf":[],"yoast_head":"<!-- This site is optimized with the Yoast SEO plugin v27.5 - https:\/\/yoast.com\/product\/yoast-seo-wordpress\/ -->\n<title>Mo\u00e7ambique - Pemba - Mequfi Beach Resort.<\/title>\n<meta name=\"description\" content=\"Mequfi beach resort Mo\u00e7ambique, um destino exclusivo, com algumas das mais belas praias do mundo, mergulho, observa\u00e7\u00e3o de baleias, natureza.\" \/>\n<meta name=\"robots\" content=\"index, follow, max-snippet:-1, max-image-preview:large, max-video-preview:-1\" \/>\n<link rel=\"canonical\" href=\"https:\/\/www.mequfibeachresort.com\/pt-pt\/mocambique\/\" \/>\n<meta property=\"og:locale\" content=\"pt_PT\" \/>\n<meta property=\"og:type\" content=\"article\" \/>\n<meta property=\"og:title\" content=\"Mo\u00e7ambique - Pemba - Mequfi Beach Resort.\" \/>\n<meta property=\"og:description\" content=\"Mequfi beach resort Mo\u00e7ambique, um destino exclusivo, com algumas das mais belas praias do mundo, mergulho, observa\u00e7\u00e3o de baleias, natureza.\" \/>\n<meta property=\"og:url\" content=\"https:\/\/www.mequfibeachresort.com\/pt-pt\/mocambique\/\" \/>\n<meta property=\"og:site_name\" content=\"Mequfi Beach Resort\" \/>\n<meta property=\"article:modified_time\" content=\"2023-05-22T14:03:43+00:00\" \/>\n<meta name=\"twitter:card\" content=\"summary_large_image\" \/>\n<meta name=\"twitter:label1\" content=\"Tempo estimado de leitura\" \/>\n\t<meta name=\"twitter:data1\" content=\"2 minutos\" \/>\n<script type=\"application\/ld+json\" class=\"yoast-schema-graph\">{\"@context\":\"https:\\\/\\\/schema.org\",\"@graph\":[{\"@type\":\"WebPage\",\"@id\":\"https:\\\/\\\/www.mequfibeachresort.com\\\/pt-pt\\\/mocambique\\\/\",\"url\":\"https:\\\/\\\/www.mequfibeachresort.com\\\/pt-pt\\\/mocambique\\\/\",\"name\":\"Mo\u00e7ambique - Pemba - Mequfi Beach Resort.\",\"isPartOf\":{\"@id\":\"https:\\\/\\\/www.mequfibeachresort.com\\\/#website\"},\"datePublished\":\"2023-04-27T16:54:24+00:00\",\"dateModified\":\"2023-05-22T14:03:43+00:00\",\"description\":\"Mequfi beach resort Mo\u00e7ambique, um destino exclusivo, com algumas das mais belas praias do mundo, mergulho, observa\u00e7\u00e3o de baleias, natureza.\",\"breadcrumb\":{\"@id\":\"https:\\\/\\\/www.mequfibeachresort.com\\\/pt-pt\\\/mocambique\\\/#breadcrumb\"},\"inLanguage\":\"pt-PT\",\"potentialAction\":[{\"@type\":\"ReadAction\",\"target\":[\"https:\\\/\\\/www.mequfibeachresort.com\\\/pt-pt\\\/mocambique\\\/\"]}]},{\"@type\":\"BreadcrumbList\",\"@id\":\"https:\\\/\\\/www.mequfibeachresort.com\\\/pt-pt\\\/mocambique\\\/#breadcrumb\",\"itemListElement\":[{\"@type\":\"ListItem\",\"position\":1,\"name\":\"Home\",\"item\":\"https:\\\/\\\/www.mequfibeachresort.com\\\/pt-pt\\\/\"},{\"@type\":\"ListItem\",\"position\":2,\"name\":\"Mo\u00e7ambique o caminho mais curto para alcan\u00e7ar a si mesmo \u00e9 uma volta ao redor do mundo\"}]},{\"@type\":\"WebSite\",\"@id\":\"https:\\\/\\\/www.mequfibeachresort.com\\\/#website\",\"url\":\"https:\\\/\\\/www.mequfibeachresort.com\\\/\",\"name\":\"Mequfi Beach Resort\",\"description\":\"\",\"potentialAction\":[{\"@type\":\"SearchAction\",\"target\":{\"@type\":\"EntryPoint\",\"urlTemplate\":\"https:\\\/\\\/www.mequfibeachresort.com\\\/?s={search_term_string}\"},\"query-input\":{\"@type\":\"PropertyValueSpecification\",\"valueRequired\":true,\"valueName\":\"search_term_string\"}}],\"inLanguage\":\"pt-PT\"}]}<\/script>\n<!-- \/ Yoast SEO plugin. -->","yoast_head_json":{"title":"Mo\u00e7ambique - Pemba - Mequfi Beach Resort.","description":"Mequfi beach resort Mo\u00e7ambique, um destino exclusivo, com algumas das mais belas praias do mundo, mergulho, observa\u00e7\u00e3o de baleias, natureza.","robots":{"index":"index","follow":"follow","max-snippet":"max-snippet:-1","max-image-preview":"max-image-preview:large","max-video-preview":"max-video-preview:-1"},"canonical":"https:\/\/www.mequfibeachresort.com\/pt-pt\/mocambique\/","og_locale":"pt_PT","og_type":"article","og_title":"Mo\u00e7ambique - Pemba - Mequfi Beach Resort.","og_description":"Mequfi beach resort Mo\u00e7ambique, um destino exclusivo, com algumas das mais belas praias do mundo, mergulho, observa\u00e7\u00e3o de baleias, natureza.","og_url":"https:\/\/www.mequfibeachresort.com\/pt-pt\/mocambique\/","og_site_name":"Mequfi Beach Resort","article_modified_time":"2023-05-22T14:03:43+00:00","twitter_card":"summary_large_image","twitter_misc":{"Tempo estimado de leitura":"2 minutos"},"schema":{"@context":"https:\/\/schema.org","@graph":[{"@type":"WebPage","@id":"https:\/\/www.mequfibeachresort.com\/pt-pt\/mocambique\/","url":"https:\/\/www.mequfibeachresort.com\/pt-pt\/mocambique\/","name":"Mo\u00e7ambique - Pemba - Mequfi Beach Resort.","isPartOf":{"@id":"https:\/\/www.mequfibeachresort.com\/#website"},"datePublished":"2023-04-27T16:54:24+00:00","dateModified":"2023-05-22T14:03:43+00:00","description":"Mequfi beach resort Mo\u00e7ambique, um destino exclusivo, com algumas das mais belas praias do mundo, mergulho, observa\u00e7\u00e3o de baleias, natureza.","breadcrumb":{"@id":"https:\/\/www.mequfibeachresort.com\/pt-pt\/mocambique\/#breadcrumb"},"inLanguage":"pt-PT","potentialAction":[{"@type":"ReadAction","target":["https:\/\/www.mequfibeachresort.com\/pt-pt\/mocambique\/"]}]},{"@type":"BreadcrumbList","@id":"https:\/\/www.mequfibeachresort.com\/pt-pt\/mocambique\/#breadcrumb","itemListElement":[{"@type":"ListItem","position":1,"name":"Home","item":"https:\/\/www.mequfibeachresort.com\/pt-pt\/"},{"@type":"ListItem","position":2,"name":"Mo\u00e7ambique o caminho mais curto para alcan\u00e7ar a si mesmo \u00e9 uma volta ao redor do mundo"}]},{"@type":"WebSite","@id":"https:\/\/www.mequfibeachresort.com\/#website","url":"https:\/\/www.mequfibeachresort.com\/","name":"Mequfi Beach Resort","description":"","potentialAction":[{"@type":"SearchAction","target":{"@type":"EntryPoint","urlTemplate":"https:\/\/www.mequfibeachresort.com\/?s={search_term_string}"},"query-input":{"@type":"PropertyValueSpecification","valueRequired":true,"valueName":"search_term_string"}}],"inLanguage":"pt-PT"}]}},"_links":{"self":[{"href":"https:\/\/www.mequfibeachresort.com\/pt-pt\/wp-json\/wp\/v2\/pages\/1469","targetHints":{"allow":["GET"]}}],"collection":[{"href":"https:\/\/www.mequfibeachresort.com\/pt-pt\/wp-json\/wp\/v2\/pages"}],"about":[{"href":"https:\/\/www.mequfibeachresort.com\/pt-pt\/wp-json\/wp\/v2\/types\/page"}],"author":[{"embeddable":true,"href":"https:\/\/www.mequfibeachresort.com\/pt-pt\/wp-json\/wp\/v2\/users\/1"}],"replies":[{"embeddable":true,"href":"https:\/\/www.mequfibeachresort.com\/pt-pt\/wp-json\/wp\/v2\/comments?post=1469"}],"version-history":[{"count":0,"href":"https:\/\/www.mequfibeachresort.com\/pt-pt\/wp-json\/wp\/v2\/pages\/1469\/revisions"}],"wp:attachment":[{"href":"https:\/\/www.mequfibeachresort.com\/pt-pt\/wp-json\/wp\/v2\/media?parent=1469"}],"curies":[{"name":"wp","href":"https:\/\/api.w.org\/{rel}","templated":true}]}}