{"id":1465,"date":"2023-04-20T16:50:48","date_gmt":"2023-04-20T14:50:48","guid":{"rendered":"https:\/\/www.mequfibeachresort.com\/restaurants\/"},"modified":"2023-05-23T10:52:48","modified_gmt":"2023-05-23T08:52:48","slug":"restaurantes","status":"publish","type":"page","link":"https:\/\/www.mequfibeachresort.com\/pt-pt\/restaurantes\/","title":{"rendered":"Restaurantes experi\u00eancia n\u00e3o \u00e9 apenas culin\u00e1ria, mas igualmente cultural"},"content":{"rendered":"<p>Experimente os nossos <strong>tr\u00eas Restaurantes<\/strong>, cada um deles ir\u00e1 oferecer-lhe sabores e mem\u00f3rias \u00fanicas, oferecendo pratos <strong>t\u00edpicos da tradi\u00e7\u00e3o africana, peixe fresco pescado e at\u00e9 pizza.<\/strong><\/p>\n","protected":false},"excerpt":{"rendered":"<p>Experimente os nossos tr\u00eas Restaurantes, cada um deles ir\u00e1 oferecer-lhe sabores e mem\u00f3rias \u00fanicas, oferecendo pratos t\u00edpicos da tradi\u00e7\u00e3o africana, peixe fresco pescado e at\u00e9 pizza.<\/p>\n","protected":false},"author":1,"featured_media":0,"parent":0,"menu_order":0,"comment_status":"closed","ping_status":"closed","template":"","meta":{"_acf_changed":false},"class_list":["post-1465","page","type-page","status-publish","hentry"],"acf":[],"yoast_head":"<!-- This site is optimized with the Yoast SEO plugin v27.3 - https:\/\/yoast.com\/product\/yoast-seo-wordpress\/ -->\n<title>Restaurantes Mequfi Beach Resort - Mo\u00e7ambique<\/title>\n<meta name=\"description\" content=\"Tr\u00eas restaurantes est\u00e3o dispon\u00edveis para os h\u00f3spedes do Mequfi Beach Resort RESTAURANTE ASSINATURA - BRISA DO MAR - SEA YOU.\" \/>\n<meta name=\"robots\" content=\"index, follow, max-snippet:-1, max-image-preview:large, max-video-preview:-1\" \/>\n<link rel=\"canonical\" href=\"https:\/\/www.mequfibeachresort.com\/pt-pt\/restaurantes\/\" \/>\n<meta property=\"og:locale\" content=\"pt_PT\" \/>\n<meta property=\"og:type\" content=\"article\" \/>\n<meta property=\"og:title\" content=\"Restaurantes Mequfi Beach Resort - Mo\u00e7ambique\" \/>\n<meta property=\"og:description\" content=\"Tr\u00eas restaurantes est\u00e3o dispon\u00edveis para os h\u00f3spedes do Mequfi Beach Resort RESTAURANTE ASSINATURA - BRISA DO MAR - SEA YOU.\" \/>\n<meta property=\"og:url\" content=\"https:\/\/www.mequfibeachresort.com\/pt-pt\/restaurantes\/\" \/>\n<meta property=\"og:site_name\" content=\"Mequfi Beach Resort\" \/>\n<meta property=\"article:modified_time\" content=\"2023-05-23T08:52:48+00:00\" \/>\n<meta name=\"twitter:card\" content=\"summary_large_image\" \/>\n<meta name=\"twitter:label1\" content=\"Tempo estimado de leitura\" \/>\n\t<meta name=\"twitter:data1\" content=\"1 minuto\" \/>\n<script type=\"application\/ld+json\" class=\"yoast-schema-graph\">{\"@context\":\"https:\\\/\\\/schema.org\",\"@graph\":[{\"@type\":\"WebPage\",\"@id\":\"https:\\\/\\\/www.mequfibeachresort.com\\\/pt-pt\\\/restaurantes\\\/\",\"url\":\"https:\\\/\\\/www.mequfibeachresort.com\\\/pt-pt\\\/restaurantes\\\/\",\"name\":\"Restaurantes Mequfi Beach Resort - Mo\u00e7ambique\",\"isPartOf\":{\"@id\":\"https:\\\/\\\/www.mequfibeachresort.com\\\/#website\"},\"datePublished\":\"2023-04-20T14:50:48+00:00\",\"dateModified\":\"2023-05-23T08:52:48+00:00\",\"description\":\"Tr\u00eas restaurantes est\u00e3o dispon\u00edveis para os h\u00f3spedes do Mequfi Beach Resort RESTAURANTE ASSINATURA - BRISA DO MAR - SEA YOU.\",\"breadcrumb\":{\"@id\":\"https:\\\/\\\/www.mequfibeachresort.com\\\/pt-pt\\\/restaurantes\\\/#breadcrumb\"},\"inLanguage\":\"pt-PT\",\"potentialAction\":[{\"@type\":\"ReadAction\",\"target\":[\"https:\\\/\\\/www.mequfibeachresort.com\\\/pt-pt\\\/restaurantes\\\/\"]}]},{\"@type\":\"BreadcrumbList\",\"@id\":\"https:\\\/\\\/www.mequfibeachresort.com\\\/pt-pt\\\/restaurantes\\\/#breadcrumb\",\"itemListElement\":[{\"@type\":\"ListItem\",\"position\":1,\"name\":\"Home\",\"item\":\"https:\\\/\\\/www.mequfibeachresort.com\\\/pt-pt\\\/\"},{\"@type\":\"ListItem\",\"position\":2,\"name\":\"Restaurantes experi\u00eancia n\u00e3o \u00e9 apenas culin\u00e1ria, mas igualmente cultural\"}]},{\"@type\":\"WebSite\",\"@id\":\"https:\\\/\\\/www.mequfibeachresort.com\\\/#website\",\"url\":\"https:\\\/\\\/www.mequfibeachresort.com\\\/\",\"name\":\"Mequfi Beach Resort\",\"description\":\"\",\"potentialAction\":[{\"@type\":\"SearchAction\",\"target\":{\"@type\":\"EntryPoint\",\"urlTemplate\":\"https:\\\/\\\/www.mequfibeachresort.com\\\/?s={search_term_string}\"},\"query-input\":{\"@type\":\"PropertyValueSpecification\",\"valueRequired\":true,\"valueName\":\"search_term_string\"}}],\"inLanguage\":\"pt-PT\"}]}<\/script>\n<!-- \/ Yoast SEO plugin. -->","yoast_head_json":{"title":"Restaurantes Mequfi Beach Resort - Mo\u00e7ambique","description":"Tr\u00eas restaurantes est\u00e3o dispon\u00edveis para os h\u00f3spedes do Mequfi Beach Resort RESTAURANTE ASSINATURA - BRISA DO MAR - SEA YOU.","robots":{"index":"index","follow":"follow","max-snippet":"max-snippet:-1","max-image-preview":"max-image-preview:large","max-video-preview":"max-video-preview:-1"},"canonical":"https:\/\/www.mequfibeachresort.com\/pt-pt\/restaurantes\/","og_locale":"pt_PT","og_type":"article","og_title":"Restaurantes Mequfi Beach Resort - Mo\u00e7ambique","og_description":"Tr\u00eas restaurantes est\u00e3o dispon\u00edveis para os h\u00f3spedes do Mequfi Beach Resort RESTAURANTE ASSINATURA - BRISA DO MAR - SEA YOU.","og_url":"https:\/\/www.mequfibeachresort.com\/pt-pt\/restaurantes\/","og_site_name":"Mequfi Beach Resort","article_modified_time":"2023-05-23T08:52:48+00:00","twitter_card":"summary_large_image","twitter_misc":{"Tempo estimado de leitura":"1 minuto"},"schema":{"@context":"https:\/\/schema.org","@graph":[{"@type":"WebPage","@id":"https:\/\/www.mequfibeachresort.com\/pt-pt\/restaurantes\/","url":"https:\/\/www.mequfibeachresort.com\/pt-pt\/restaurantes\/","name":"Restaurantes Mequfi Beach Resort - Mo\u00e7ambique","isPartOf":{"@id":"https:\/\/www.mequfibeachresort.com\/#website"},"datePublished":"2023-04-20T14:50:48+00:00","dateModified":"2023-05-23T08:52:48+00:00","description":"Tr\u00eas restaurantes est\u00e3o dispon\u00edveis para os h\u00f3spedes do Mequfi Beach Resort RESTAURANTE ASSINATURA - BRISA DO MAR - SEA YOU.","breadcrumb":{"@id":"https:\/\/www.mequfibeachresort.com\/pt-pt\/restaurantes\/#breadcrumb"},"inLanguage":"pt-PT","potentialAction":[{"@type":"ReadAction","target":["https:\/\/www.mequfibeachresort.com\/pt-pt\/restaurantes\/"]}]},{"@type":"BreadcrumbList","@id":"https:\/\/www.mequfibeachresort.com\/pt-pt\/restaurantes\/#breadcrumb","itemListElement":[{"@type":"ListItem","position":1,"name":"Home","item":"https:\/\/www.mequfibeachresort.com\/pt-pt\/"},{"@type":"ListItem","position":2,"name":"Restaurantes experi\u00eancia n\u00e3o \u00e9 apenas culin\u00e1ria, mas igualmente cultural"}]},{"@type":"WebSite","@id":"https:\/\/www.mequfibeachresort.com\/#website","url":"https:\/\/www.mequfibeachresort.com\/","name":"Mequfi Beach Resort","description":"","potentialAction":[{"@type":"SearchAction","target":{"@type":"EntryPoint","urlTemplate":"https:\/\/www.mequfibeachresort.com\/?s={search_term_string}"},"query-input":{"@type":"PropertyValueSpecification","valueRequired":true,"valueName":"search_term_string"}}],"inLanguage":"pt-PT"}]}},"_links":{"self":[{"href":"https:\/\/www.mequfibeachresort.com\/pt-pt\/wp-json\/wp\/v2\/pages\/1465","targetHints":{"allow":["GET"]}}],"collection":[{"href":"https:\/\/www.mequfibeachresort.com\/pt-pt\/wp-json\/wp\/v2\/pages"}],"about":[{"href":"https:\/\/www.mequfibeachresort.com\/pt-pt\/wp-json\/wp\/v2\/types\/page"}],"author":[{"embeddable":true,"href":"https:\/\/www.mequfibeachresort.com\/pt-pt\/wp-json\/wp\/v2\/users\/1"}],"replies":[{"embeddable":true,"href":"https:\/\/www.mequfibeachresort.com\/pt-pt\/wp-json\/wp\/v2\/comments?post=1465"}],"version-history":[{"count":0,"href":"https:\/\/www.mequfibeachresort.com\/pt-pt\/wp-json\/wp\/v2\/pages\/1465\/revisions"}],"wp:attachment":[{"href":"https:\/\/www.mequfibeachresort.com\/pt-pt\/wp-json\/wp\/v2\/media?parent=1465"}],"curies":[{"name":"wp","href":"https:\/\/api.w.org\/{rel}","templated":true}]}}