{"id":1255,"date":"2020-07-15T10:36:42","date_gmt":"2020-07-15T08:36:42","guid":{"rendered":"https:\/\/www.mequfibeachresort.com\/ask-for-a-quote\/"},"modified":"2023-05-23T16:00:42","modified_gmt":"2023-05-23T14:00:42","slug":"peca-uma-cotacao","status":"publish","type":"page","link":"https:\/\/www.mequfibeachresort.com\/pt-pt\/peca-uma-cotacao\/","title":{"rendered":"Pe\u00e7a uma cota\u00e7\u00e3o"},"content":{"rendered":"<ul>\n<li><a href=\"mailto:booking@mequfibeachresort.com\" target=\"_blank\" rel=\"noopener\">booking@mequfibeachresort.com<\/a><\/li>\n<li>Tel: +258 84 848 4299 \/ 84 313 1314<\/li>\n<\/ul>\n","protected":false},"excerpt":{"rendered":"<p>booking@mequfibeachresort.com Tel: +258 84 848 4299 \/ 84 313 1314<\/p>\n","protected":false},"author":1,"featured_media":0,"parent":0,"menu_order":0,"comment_status":"closed","ping_status":"closed","template":"template\/template.richiesta-preventivo.php","meta":{"_acf_changed":false},"class_list":["post-1255","page","type-page","status-publish","hentry"],"acf":[],"yoast_head":"<!-- This site is optimized with the Yoast SEO plugin v27.3 - https:\/\/yoast.com\/product\/yoast-seo-wordpress\/ -->\n<title>Pe\u00e7a uma cota\u00e7\u00e3o - Mequfi Beach Resort Mo\u00e7ambique<\/title>\n<meta name=\"description\" content=\"Solicite um or\u00e7amento para as suas f\u00e9rias em \u00c1frica no Mequfi Beach Resort Aldeia de 5 estrelas em Mo\u00e7ambique\" \/>\n<meta name=\"robots\" content=\"index, follow, max-snippet:-1, max-image-preview:large, max-video-preview:-1\" \/>\n<link rel=\"canonical\" href=\"https:\/\/www.mequfibeachresort.com\/pt-pt\/peca-uma-cotacao\/\" \/>\n<meta property=\"og:locale\" content=\"pt_PT\" \/>\n<meta property=\"og:type\" content=\"article\" \/>\n<meta property=\"og:title\" content=\"Pe\u00e7a uma cota\u00e7\u00e3o - Mequfi Beach Resort Mo\u00e7ambique\" \/>\n<meta property=\"og:description\" content=\"Solicite um or\u00e7amento para as suas f\u00e9rias em \u00c1frica no Mequfi Beach Resort Aldeia de 5 estrelas em Mo\u00e7ambique\" \/>\n<meta property=\"og:url\" content=\"https:\/\/www.mequfibeachresort.com\/pt-pt\/peca-uma-cotacao\/\" \/>\n<meta property=\"og:site_name\" content=\"Mequfi Beach Resort\" \/>\n<meta property=\"article:modified_time\" content=\"2023-05-23T14:00:42+00:00\" \/>\n<meta name=\"twitter:card\" content=\"summary_large_image\" \/>\n<meta name=\"twitter:label1\" content=\"Tempo estimado de leitura\" \/>\n\t<meta name=\"twitter:data1\" content=\"1 minuto\" \/>\n<script type=\"application\/ld+json\" class=\"yoast-schema-graph\">{\"@context\":\"https:\\\/\\\/schema.org\",\"@graph\":[{\"@type\":\"WebPage\",\"@id\":\"https:\\\/\\\/www.mequfibeachresort.com\\\/pt-pt\\\/peca-uma-cotacao\\\/\",\"url\":\"https:\\\/\\\/www.mequfibeachresort.com\\\/pt-pt\\\/peca-uma-cotacao\\\/\",\"name\":\"Pe\u00e7a uma cota\u00e7\u00e3o - Mequfi Beach Resort Mo\u00e7ambique\",\"isPartOf\":{\"@id\":\"https:\\\/\\\/www.mequfibeachresort.com\\\/#website\"},\"datePublished\":\"2020-07-15T08:36:42+00:00\",\"dateModified\":\"2023-05-23T14:00:42+00:00\",\"description\":\"Solicite um or\u00e7amento para as suas f\u00e9rias em \u00c1frica no Mequfi Beach Resort Aldeia de 5 estrelas em Mo\u00e7ambique\",\"breadcrumb\":{\"@id\":\"https:\\\/\\\/www.mequfibeachresort.com\\\/pt-pt\\\/peca-uma-cotacao\\\/#breadcrumb\"},\"inLanguage\":\"pt-PT\",\"potentialAction\":[{\"@type\":\"ReadAction\",\"target\":[\"https:\\\/\\\/www.mequfibeachresort.com\\\/pt-pt\\\/peca-uma-cotacao\\\/\"]}]},{\"@type\":\"BreadcrumbList\",\"@id\":\"https:\\\/\\\/www.mequfibeachresort.com\\\/pt-pt\\\/peca-uma-cotacao\\\/#breadcrumb\",\"itemListElement\":[{\"@type\":\"ListItem\",\"position\":1,\"name\":\"Home\",\"item\":\"https:\\\/\\\/www.mequfibeachresort.com\\\/pt-pt\\\/\"},{\"@type\":\"ListItem\",\"position\":2,\"name\":\"Pe\u00e7a uma cota\u00e7\u00e3o\"}]},{\"@type\":\"WebSite\",\"@id\":\"https:\\\/\\\/www.mequfibeachresort.com\\\/#website\",\"url\":\"https:\\\/\\\/www.mequfibeachresort.com\\\/\",\"name\":\"Mequfi Beach Resort\",\"description\":\"\",\"potentialAction\":[{\"@type\":\"SearchAction\",\"target\":{\"@type\":\"EntryPoint\",\"urlTemplate\":\"https:\\\/\\\/www.mequfibeachresort.com\\\/?s={search_term_string}\"},\"query-input\":{\"@type\":\"PropertyValueSpecification\",\"valueRequired\":true,\"valueName\":\"search_term_string\"}}],\"inLanguage\":\"pt-PT\"}]}<\/script>\n<!-- \/ Yoast SEO plugin. -->","yoast_head_json":{"title":"Pe\u00e7a uma cota\u00e7\u00e3o - Mequfi Beach Resort Mo\u00e7ambique","description":"Solicite um or\u00e7amento para as suas f\u00e9rias em \u00c1frica no Mequfi Beach Resort Aldeia de 5 estrelas em Mo\u00e7ambique","robots":{"index":"index","follow":"follow","max-snippet":"max-snippet:-1","max-image-preview":"max-image-preview:large","max-video-preview":"max-video-preview:-1"},"canonical":"https:\/\/www.mequfibeachresort.com\/pt-pt\/peca-uma-cotacao\/","og_locale":"pt_PT","og_type":"article","og_title":"Pe\u00e7a uma cota\u00e7\u00e3o - Mequfi Beach Resort Mo\u00e7ambique","og_description":"Solicite um or\u00e7amento para as suas f\u00e9rias em \u00c1frica no Mequfi Beach Resort Aldeia de 5 estrelas em Mo\u00e7ambique","og_url":"https:\/\/www.mequfibeachresort.com\/pt-pt\/peca-uma-cotacao\/","og_site_name":"Mequfi Beach Resort","article_modified_time":"2023-05-23T14:00:42+00:00","twitter_card":"summary_large_image","twitter_misc":{"Tempo estimado de leitura":"1 minuto"},"schema":{"@context":"https:\/\/schema.org","@graph":[{"@type":"WebPage","@id":"https:\/\/www.mequfibeachresort.com\/pt-pt\/peca-uma-cotacao\/","url":"https:\/\/www.mequfibeachresort.com\/pt-pt\/peca-uma-cotacao\/","name":"Pe\u00e7a uma cota\u00e7\u00e3o - Mequfi Beach Resort Mo\u00e7ambique","isPartOf":{"@id":"https:\/\/www.mequfibeachresort.com\/#website"},"datePublished":"2020-07-15T08:36:42+00:00","dateModified":"2023-05-23T14:00:42+00:00","description":"Solicite um or\u00e7amento para as suas f\u00e9rias em \u00c1frica no Mequfi Beach Resort Aldeia de 5 estrelas em Mo\u00e7ambique","breadcrumb":{"@id":"https:\/\/www.mequfibeachresort.com\/pt-pt\/peca-uma-cotacao\/#breadcrumb"},"inLanguage":"pt-PT","potentialAction":[{"@type":"ReadAction","target":["https:\/\/www.mequfibeachresort.com\/pt-pt\/peca-uma-cotacao\/"]}]},{"@type":"BreadcrumbList","@id":"https:\/\/www.mequfibeachresort.com\/pt-pt\/peca-uma-cotacao\/#breadcrumb","itemListElement":[{"@type":"ListItem","position":1,"name":"Home","item":"https:\/\/www.mequfibeachresort.com\/pt-pt\/"},{"@type":"ListItem","position":2,"name":"Pe\u00e7a uma cota\u00e7\u00e3o"}]},{"@type":"WebSite","@id":"https:\/\/www.mequfibeachresort.com\/#website","url":"https:\/\/www.mequfibeachresort.com\/","name":"Mequfi Beach Resort","description":"","potentialAction":[{"@type":"SearchAction","target":{"@type":"EntryPoint","urlTemplate":"https:\/\/www.mequfibeachresort.com\/?s={search_term_string}"},"query-input":{"@type":"PropertyValueSpecification","valueRequired":true,"valueName":"search_term_string"}}],"inLanguage":"pt-PT"}]}},"_links":{"self":[{"href":"https:\/\/www.mequfibeachresort.com\/pt-pt\/wp-json\/wp\/v2\/pages\/1255","targetHints":{"allow":["GET"]}}],"collection":[{"href":"https:\/\/www.mequfibeachresort.com\/pt-pt\/wp-json\/wp\/v2\/pages"}],"about":[{"href":"https:\/\/www.mequfibeachresort.com\/pt-pt\/wp-json\/wp\/v2\/types\/page"}],"author":[{"embeddable":true,"href":"https:\/\/www.mequfibeachresort.com\/pt-pt\/wp-json\/wp\/v2\/users\/1"}],"replies":[{"embeddable":true,"href":"https:\/\/www.mequfibeachresort.com\/pt-pt\/wp-json\/wp\/v2\/comments?post=1255"}],"version-history":[{"count":0,"href":"https:\/\/www.mequfibeachresort.com\/pt-pt\/wp-json\/wp\/v2\/pages\/1255\/revisions"}],"wp:attachment":[{"href":"https:\/\/www.mequfibeachresort.com\/pt-pt\/wp-json\/wp\/v2\/media?parent=1255"}],"curies":[{"name":"wp","href":"https:\/\/api.w.org\/{rel}","templated":true}]}}