{"id":1470,"date":"2023-04-27T15:39:57","date_gmt":"2023-04-27T13:39:57","guid":{"rendered":"https:\/\/www.mequfibeachresort.com\/location-how-to-get-the\/"},"modified":"2023-05-22T16:45:34","modified_gmt":"2023-05-22T14:45:34","slug":"come-arrivare-a-pemba-in-mozambico","status":"publish","type":"page","link":"https:\/\/www.mequfibeachresort.com\/it\/come-arrivare-a-pemba-in-mozambico\/","title":{"rendered":"Come arrivare a Pemba in Mozambico"},"content":{"rendered":"<p><strong>\u00c8 obbligatorio il passaporto<\/strong>, con una validit\u00e0 residua di almeno sei mesi. \u00c8 essenziale che il tuo passaporto abbia almeno due pagine bianche. Il biglietto di ritorno \u00e8 obbligatorio. La conferma della prenotazione del resort \u00e8 obbligatoria.<\/p>\n<h3>Visto d&#8217;ingresso:<\/h3>\n<p>I titolari di passaporto SADC possono entrare in Mozambico senza visto turistico. Anche le seguenti nazionalit\u00e0 sono esenti dal visto turistico: Portogallo, Belgio, Canada, Cina, Danimarca, Finlandia, Francia, Germania, Ghana, Indonesia, Irlanda, Israele, Italia, Costa d&#8217;Avorio, Giappone, Paesi Bassi, Norvegia, Russia, Arabia Saudita, Senegal, Singapore, Corea del Sud, Spagna, Svezia, Svizzera, Ucraina, Emirati Arabi Uniti, Regno Unito e Stati Uniti d&#8217;America. Tutte le altre nazionalit\u00e0 devono richiedere il VISTO PER TURISMO prima della partenza. Visita <strong>https:\/\/evisa.gov.mz\/<\/strong> o contatta l&#8217;Ambasciata del Mozambico nel tuo Paese di residenza.<\/p>\n<h4>Voli per Pemba<\/h4>\n<ul>\n<li>Dall&#8217;Europa: la maggior parte delle compagnie aeree vola a Pemba via Johannesburg o Dar es Salam<\/li>\n<li>Dal Sudafrica: AIRLINK.<\/li>\n<li>Dalla Tanzania: LAM<\/li>\n<\/ul>\n<h4>Trasferimento aeroportuale<\/h4>\n<p>Il <strong>Mequfi Beach Resort dista 1 ora di auto dall&#8217;aeroporto di Pemba. \u00c8 disponibile un servizio di trasferimento A\/R dall&#8217;aeroporto al resort,<\/strong> organizzato dall&#8217;hotel. <strong>Puoi prenotare il tuo transfer direttamente online sul nostro sito<\/strong> al momento della prenotazione della camera oppure contattando direttamente l&#8217;indirizzo mail bookings.mequfi@renco.it<\/p>\n","protected":false},"excerpt":{"rendered":"<p>\u00c8 obbligatorio il passaporto, con una validit\u00e0 residua di almeno sei mesi. \u00c8 essenziale che il tuo passaporto abbia almeno due pagine bianche. Il biglietto di ritorno \u00e8 obbligatorio. La conferma della prenotazione del resort \u00e8 obbligatoria. Visto d&#8217;ingresso: I titolari di passaporto SADC possono entrare in Mozambico senza visto turistico. Anche le seguenti nazionalit\u00e0 sono esenti dal visto turistico: Portogallo, Belgio, Canada, Cina, Danimarca, Finlandia, Francia, Germania, Ghana, Indonesia, &#8230;<\/p>\n","protected":false},"author":1,"featured_media":0,"parent":0,"menu_order":0,"comment_status":"closed","ping_status":"closed","template":"","meta":{"_acf_changed":false},"class_list":["post-1470","page","type-page","status-publish","hentry"],"acf":[],"yoast_head":"<!-- This site is optimized with the Yoast SEO plugin v27.3 - https:\/\/yoast.com\/product\/yoast-seo-wordpress\/ -->\n<title>Come arrivare a Pemba in Mozambico - Mequfi Beach Resort<\/title>\n<meta name=\"description\" content=\"Il Mequfi Beach Resort dista 1 ora di auto dall&#039;aeroporto di Pemba. Il servizio di trasferimento \u00e8 organizzato dall&#039;hotel.\" \/>\n<meta name=\"robots\" content=\"index, follow, max-snippet:-1, max-image-preview:large, max-video-preview:-1\" \/>\n<link rel=\"canonical\" href=\"https:\/\/www.mequfibeachresort.com\/it\/come-arrivare-a-pemba-in-mozambico\/\" \/>\n<meta property=\"og:locale\" content=\"it_IT\" \/>\n<meta property=\"og:type\" content=\"article\" \/>\n<meta property=\"og:title\" content=\"Come arrivare a Pemba in Mozambico - Mequfi Beach Resort\" \/>\n<meta property=\"og:description\" content=\"Il Mequfi Beach Resort dista 1 ora di auto dall&#039;aeroporto di Pemba. Il servizio di trasferimento \u00e8 organizzato dall&#039;hotel.\" \/>\n<meta property=\"og:url\" content=\"https:\/\/www.mequfibeachresort.com\/it\/come-arrivare-a-pemba-in-mozambico\/\" \/>\n<meta property=\"og:site_name\" content=\"Mequfi Beach Resort\" \/>\n<meta property=\"article:modified_time\" content=\"2023-05-22T14:45:34+00:00\" \/>\n<meta name=\"twitter:card\" content=\"summary_large_image\" \/>\n<meta name=\"twitter:label1\" content=\"Tempo di lettura stimato\" \/>\n\t<meta name=\"twitter:data1\" content=\"2 minuti\" \/>\n<script type=\"application\/ld+json\" class=\"yoast-schema-graph\">{\"@context\":\"https:\\\/\\\/schema.org\",\"@graph\":[{\"@type\":\"WebPage\",\"@id\":\"https:\\\/\\\/www.mequfibeachresort.com\\\/it\\\/come-arrivare-a-pemba-in-mozambico\\\/\",\"url\":\"https:\\\/\\\/www.mequfibeachresort.com\\\/it\\\/come-arrivare-a-pemba-in-mozambico\\\/\",\"name\":\"Come arrivare a Pemba in Mozambico - Mequfi Beach Resort\",\"isPartOf\":{\"@id\":\"https:\\\/\\\/www.mequfibeachresort.com\\\/#website\"},\"datePublished\":\"2023-04-27T13:39:57+00:00\",\"dateModified\":\"2023-05-22T14:45:34+00:00\",\"description\":\"Il Mequfi Beach Resort dista 1 ora di auto dall'aeroporto di Pemba. Il servizio di trasferimento \u00e8 organizzato dall'hotel.\",\"breadcrumb\":{\"@id\":\"https:\\\/\\\/www.mequfibeachresort.com\\\/it\\\/come-arrivare-a-pemba-in-mozambico\\\/#breadcrumb\"},\"inLanguage\":\"it-IT\",\"potentialAction\":[{\"@type\":\"ReadAction\",\"target\":[\"https:\\\/\\\/www.mequfibeachresort.com\\\/it\\\/come-arrivare-a-pemba-in-mozambico\\\/\"]}]},{\"@type\":\"BreadcrumbList\",\"@id\":\"https:\\\/\\\/www.mequfibeachresort.com\\\/it\\\/come-arrivare-a-pemba-in-mozambico\\\/#breadcrumb\",\"itemListElement\":[{\"@type\":\"ListItem\",\"position\":1,\"name\":\"Home\",\"item\":\"https:\\\/\\\/www.mequfibeachresort.com\\\/it\\\/\"},{\"@type\":\"ListItem\",\"position\":2,\"name\":\"Come arrivare a Pemba in Mozambico\"}]},{\"@type\":\"WebSite\",\"@id\":\"https:\\\/\\\/www.mequfibeachresort.com\\\/#website\",\"url\":\"https:\\\/\\\/www.mequfibeachresort.com\\\/\",\"name\":\"Mequfi Beach Resort\",\"description\":\"\",\"potentialAction\":[{\"@type\":\"SearchAction\",\"target\":{\"@type\":\"EntryPoint\",\"urlTemplate\":\"https:\\\/\\\/www.mequfibeachresort.com\\\/?s={search_term_string}\"},\"query-input\":{\"@type\":\"PropertyValueSpecification\",\"valueRequired\":true,\"valueName\":\"search_term_string\"}}],\"inLanguage\":\"it-IT\"}]}<\/script>\n<!-- \/ Yoast SEO plugin. -->","yoast_head_json":{"title":"Come arrivare a Pemba in Mozambico - Mequfi Beach Resort","description":"Il Mequfi Beach Resort dista 1 ora di auto dall'aeroporto di Pemba. Il servizio di trasferimento \u00e8 organizzato dall'hotel.","robots":{"index":"index","follow":"follow","max-snippet":"max-snippet:-1","max-image-preview":"max-image-preview:large","max-video-preview":"max-video-preview:-1"},"canonical":"https:\/\/www.mequfibeachresort.com\/it\/come-arrivare-a-pemba-in-mozambico\/","og_locale":"it_IT","og_type":"article","og_title":"Come arrivare a Pemba in Mozambico - Mequfi Beach Resort","og_description":"Il Mequfi Beach Resort dista 1 ora di auto dall'aeroporto di Pemba. Il servizio di trasferimento \u00e8 organizzato dall'hotel.","og_url":"https:\/\/www.mequfibeachresort.com\/it\/come-arrivare-a-pemba-in-mozambico\/","og_site_name":"Mequfi Beach Resort","article_modified_time":"2023-05-22T14:45:34+00:00","twitter_card":"summary_large_image","twitter_misc":{"Tempo di lettura stimato":"2 minuti"},"schema":{"@context":"https:\/\/schema.org","@graph":[{"@type":"WebPage","@id":"https:\/\/www.mequfibeachresort.com\/it\/come-arrivare-a-pemba-in-mozambico\/","url":"https:\/\/www.mequfibeachresort.com\/it\/come-arrivare-a-pemba-in-mozambico\/","name":"Come arrivare a Pemba in Mozambico - Mequfi Beach Resort","isPartOf":{"@id":"https:\/\/www.mequfibeachresort.com\/#website"},"datePublished":"2023-04-27T13:39:57+00:00","dateModified":"2023-05-22T14:45:34+00:00","description":"Il Mequfi Beach Resort dista 1 ora di auto dall'aeroporto di Pemba. Il servizio di trasferimento \u00e8 organizzato dall'hotel.","breadcrumb":{"@id":"https:\/\/www.mequfibeachresort.com\/it\/come-arrivare-a-pemba-in-mozambico\/#breadcrumb"},"inLanguage":"it-IT","potentialAction":[{"@type":"ReadAction","target":["https:\/\/www.mequfibeachresort.com\/it\/come-arrivare-a-pemba-in-mozambico\/"]}]},{"@type":"BreadcrumbList","@id":"https:\/\/www.mequfibeachresort.com\/it\/come-arrivare-a-pemba-in-mozambico\/#breadcrumb","itemListElement":[{"@type":"ListItem","position":1,"name":"Home","item":"https:\/\/www.mequfibeachresort.com\/it\/"},{"@type":"ListItem","position":2,"name":"Come arrivare a Pemba in Mozambico"}]},{"@type":"WebSite","@id":"https:\/\/www.mequfibeachresort.com\/#website","url":"https:\/\/www.mequfibeachresort.com\/","name":"Mequfi Beach Resort","description":"","potentialAction":[{"@type":"SearchAction","target":{"@type":"EntryPoint","urlTemplate":"https:\/\/www.mequfibeachresort.com\/?s={search_term_string}"},"query-input":{"@type":"PropertyValueSpecification","valueRequired":true,"valueName":"search_term_string"}}],"inLanguage":"it-IT"}]}},"_links":{"self":[{"href":"https:\/\/www.mequfibeachresort.com\/it\/wp-json\/wp\/v2\/pages\/1470","targetHints":{"allow":["GET"]}}],"collection":[{"href":"https:\/\/www.mequfibeachresort.com\/it\/wp-json\/wp\/v2\/pages"}],"about":[{"href":"https:\/\/www.mequfibeachresort.com\/it\/wp-json\/wp\/v2\/types\/page"}],"author":[{"embeddable":true,"href":"https:\/\/www.mequfibeachresort.com\/it\/wp-json\/wp\/v2\/users\/1"}],"replies":[{"embeddable":true,"href":"https:\/\/www.mequfibeachresort.com\/it\/wp-json\/wp\/v2\/comments?post=1470"}],"version-history":[{"count":0,"href":"https:\/\/www.mequfibeachresort.com\/it\/wp-json\/wp\/v2\/pages\/1470\/revisions"}],"wp:attachment":[{"href":"https:\/\/www.mequfibeachresort.com\/it\/wp-json\/wp\/v2\/media?parent=1470"}],"curies":[{"name":"wp","href":"https:\/\/api.w.org\/{rel}","templated":true}]}}