{"id":1459,"date":"2023-05-12T10:56:06","date_gmt":"2023-05-12T08:56:06","guid":{"rendered":"https:\/\/www.mequfibeachresort.com\/corporate\/"},"modified":"2023-05-18T12:27:31","modified_gmt":"2023-05-18T10:27:31","slug":"corporate","status":"publish","type":"page","link":"https:\/\/www.mequfibeachresort.com\/it\/corporate\/","title":{"rendered":"Corporate social responsability"},"content":{"rendered":"<p><strong>PULIZIA DELLE SPIAGGIE\u00a0\u00a0<\/strong><br \/>\nMequfi contribuisce attivamene alla pulizia frequente delle spiagge e della laguna, per preservare l\u2019ambiente e contribuire alla pulizia.<\/p>\n<p><strong>SCUOLA NEL VILLAGGIO DI NGOMA<\/strong><br \/>\nLa RENCO SPA, impresa italiana proprietaria del Mequfi Beach Resort, ha finanziato e realizzato la costruzione della Scuola Primaria presso il villaggio di Ngoma.\u00a0La scuola porta il nome del Signor Passeri Antonio, che \u00e8 stato presidente della RENCO SPA.\u00a0La scuola accoglie bambini dai 6 ai 14 anni d\u2019et\u00e0 che vengono anche dai villaggi circostanti. Renco continua a prendersi cura dell\u2019immobile con interventi di manutenzione. Da anni Renco realizza nei paesi dove lavora progetti sociali a favore della salute e della formazione di donne e bambini.<\/p>\n<p><strong>ASSOCIAZIONE HELPO\u00a0<\/strong><br \/>\nIl Mequfi Beach Resort collabora con l\u2019Associazione HELPO nella raccolta di fondi per l\u2019acquisto di materiale scolastico da destinarsi alle scuole della provincia di Cabo Delgado, tra cui la scuola del villaggio di Ngoma. Helpo opera nel Nord del Mozambico (province di Nampula e Cabo Delgado), S\u00e3o Tom\u00e9 e Pr\u00edncipe e Guin\u00e9-Bissau, con le istituzioni locali, per raggiungere gli obiettivi di sviluppo sostenibile, specialmente quelli legati all\u2019infanzia come educazione, salute infantile e nutrizione.<\/p>\n","protected":false},"excerpt":{"rendered":"<p>PULIZIA DELLE SPIAGGIE\u00a0\u00a0 Mequfi contribuisce attivamene alla pulizia frequente delle spiagge e della laguna, per preservare l\u2019ambiente e contribuire alla pulizia. SCUOLA NEL VILLAGGIO DI NGOMA La RENCO SPA, impresa italiana proprietaria del Mequfi Beach Resort, ha finanziato e realizzato la costruzione della Scuola Primaria presso il villaggio di Ngoma.\u00a0La scuola porta il nome del Signor Passeri Antonio, che \u00e8 stato presidente della RENCO SPA.\u00a0La scuola accoglie bambini dai 6 &#8230;<\/p>\n","protected":false},"author":1,"featured_media":0,"parent":0,"menu_order":0,"comment_status":"closed","ping_status":"closed","template":"","meta":{"_acf_changed":false},"class_list":["post-1459","page","type-page","status-publish","hentry"],"acf":[],"yoast_head":"<!-- This site is optimized with the Yoast SEO plugin v27.5 - https:\/\/yoast.com\/product\/yoast-seo-wordpress\/ -->\n<title>Corporate social responsabilityCorporate social responsability - Mequfi Beach Resort<\/title>\n<meta name=\"robots\" content=\"index, follow, max-snippet:-1, max-image-preview:large, max-video-preview:-1\" \/>\n<link rel=\"canonical\" href=\"https:\/\/www.mequfibeachresort.com\/it\/corporate\/\" \/>\n<meta property=\"og:locale\" content=\"it_IT\" \/>\n<meta property=\"og:type\" content=\"article\" \/>\n<meta property=\"og:title\" content=\"Corporate social responsabilityCorporate social responsability - Mequfi Beach Resort\" \/>\n<meta property=\"og:description\" content=\"PULIZIA DELLE SPIAGGIE\u00a0\u00a0 Mequfi contribuisce attivamene alla pulizia frequente delle spiagge e della laguna, per preservare l\u2019ambiente e contribuire alla pulizia. SCUOLA NEL VILLAGGIO DI NGOMA La RENCO SPA, impresa italiana proprietaria del Mequfi Beach Resort, ha finanziato e realizzato la costruzione della Scuola Primaria presso il villaggio di Ngoma.\u00a0La scuola porta il nome del Signor Passeri Antonio, che \u00e8 stato presidente della RENCO SPA.\u00a0La scuola accoglie bambini dai 6 ...\" \/>\n<meta property=\"og:url\" content=\"https:\/\/www.mequfibeachresort.com\/it\/corporate\/\" \/>\n<meta property=\"og:site_name\" content=\"Mequfi Beach Resort\" \/>\n<meta property=\"article:modified_time\" content=\"2023-05-18T10:27:31+00:00\" \/>\n<meta name=\"twitter:card\" content=\"summary_large_image\" \/>\n<meta name=\"twitter:label1\" content=\"Tempo di lettura stimato\" \/>\n\t<meta name=\"twitter:data1\" content=\"1 minuto\" \/>\n<script type=\"application\/ld+json\" class=\"yoast-schema-graph\">{\"@context\":\"https:\\\/\\\/schema.org\",\"@graph\":[{\"@type\":\"WebPage\",\"@id\":\"https:\\\/\\\/www.mequfibeachresort.com\\\/it\\\/corporate\\\/\",\"url\":\"https:\\\/\\\/www.mequfibeachresort.com\\\/it\\\/corporate\\\/\",\"name\":\"Corporate social responsabilityCorporate social responsability - Mequfi Beach Resort\",\"isPartOf\":{\"@id\":\"https:\\\/\\\/www.mequfibeachresort.com\\\/#website\"},\"datePublished\":\"2023-05-12T08:56:06+00:00\",\"dateModified\":\"2023-05-18T10:27:31+00:00\",\"breadcrumb\":{\"@id\":\"https:\\\/\\\/www.mequfibeachresort.com\\\/it\\\/corporate\\\/#breadcrumb\"},\"inLanguage\":\"it-IT\",\"potentialAction\":[{\"@type\":\"ReadAction\",\"target\":[\"https:\\\/\\\/www.mequfibeachresort.com\\\/it\\\/corporate\\\/\"]}]},{\"@type\":\"BreadcrumbList\",\"@id\":\"https:\\\/\\\/www.mequfibeachresort.com\\\/it\\\/corporate\\\/#breadcrumb\",\"itemListElement\":[{\"@type\":\"ListItem\",\"position\":1,\"name\":\"Home\",\"item\":\"https:\\\/\\\/www.mequfibeachresort.com\\\/it\\\/\"},{\"@type\":\"ListItem\",\"position\":2,\"name\":\"Corporate social responsability\"}]},{\"@type\":\"WebSite\",\"@id\":\"https:\\\/\\\/www.mequfibeachresort.com\\\/#website\",\"url\":\"https:\\\/\\\/www.mequfibeachresort.com\\\/\",\"name\":\"Mequfi Beach Resort\",\"description\":\"\",\"potentialAction\":[{\"@type\":\"SearchAction\",\"target\":{\"@type\":\"EntryPoint\",\"urlTemplate\":\"https:\\\/\\\/www.mequfibeachresort.com\\\/?s={search_term_string}\"},\"query-input\":{\"@type\":\"PropertyValueSpecification\",\"valueRequired\":true,\"valueName\":\"search_term_string\"}}],\"inLanguage\":\"it-IT\"}]}<\/script>\n<!-- \/ Yoast SEO plugin. -->","yoast_head_json":{"title":"Corporate social responsabilityCorporate social responsability - Mequfi Beach Resort","robots":{"index":"index","follow":"follow","max-snippet":"max-snippet:-1","max-image-preview":"max-image-preview:large","max-video-preview":"max-video-preview:-1"},"canonical":"https:\/\/www.mequfibeachresort.com\/it\/corporate\/","og_locale":"it_IT","og_type":"article","og_title":"Corporate social responsabilityCorporate social responsability - Mequfi Beach Resort","og_description":"PULIZIA DELLE SPIAGGIE\u00a0\u00a0 Mequfi contribuisce attivamene alla pulizia frequente delle spiagge e della laguna, per preservare l\u2019ambiente e contribuire alla pulizia. SCUOLA NEL VILLAGGIO DI NGOMA La RENCO SPA, impresa italiana proprietaria del Mequfi Beach Resort, ha finanziato e realizzato la costruzione della Scuola Primaria presso il villaggio di Ngoma.\u00a0La scuola porta il nome del Signor Passeri Antonio, che \u00e8 stato presidente della RENCO SPA.\u00a0La scuola accoglie bambini dai 6 ...","og_url":"https:\/\/www.mequfibeachresort.com\/it\/corporate\/","og_site_name":"Mequfi Beach Resort","article_modified_time":"2023-05-18T10:27:31+00:00","twitter_card":"summary_large_image","twitter_misc":{"Tempo di lettura stimato":"1 minuto"},"schema":{"@context":"https:\/\/schema.org","@graph":[{"@type":"WebPage","@id":"https:\/\/www.mequfibeachresort.com\/it\/corporate\/","url":"https:\/\/www.mequfibeachresort.com\/it\/corporate\/","name":"Corporate social responsabilityCorporate social responsability - Mequfi Beach Resort","isPartOf":{"@id":"https:\/\/www.mequfibeachresort.com\/#website"},"datePublished":"2023-05-12T08:56:06+00:00","dateModified":"2023-05-18T10:27:31+00:00","breadcrumb":{"@id":"https:\/\/www.mequfibeachresort.com\/it\/corporate\/#breadcrumb"},"inLanguage":"it-IT","potentialAction":[{"@type":"ReadAction","target":["https:\/\/www.mequfibeachresort.com\/it\/corporate\/"]}]},{"@type":"BreadcrumbList","@id":"https:\/\/www.mequfibeachresort.com\/it\/corporate\/#breadcrumb","itemListElement":[{"@type":"ListItem","position":1,"name":"Home","item":"https:\/\/www.mequfibeachresort.com\/it\/"},{"@type":"ListItem","position":2,"name":"Corporate social responsability"}]},{"@type":"WebSite","@id":"https:\/\/www.mequfibeachresort.com\/#website","url":"https:\/\/www.mequfibeachresort.com\/","name":"Mequfi Beach Resort","description":"","potentialAction":[{"@type":"SearchAction","target":{"@type":"EntryPoint","urlTemplate":"https:\/\/www.mequfibeachresort.com\/?s={search_term_string}"},"query-input":{"@type":"PropertyValueSpecification","valueRequired":true,"valueName":"search_term_string"}}],"inLanguage":"it-IT"}]}},"_links":{"self":[{"href":"https:\/\/www.mequfibeachresort.com\/it\/wp-json\/wp\/v2\/pages\/1459","targetHints":{"allow":["GET"]}}],"collection":[{"href":"https:\/\/www.mequfibeachresort.com\/it\/wp-json\/wp\/v2\/pages"}],"about":[{"href":"https:\/\/www.mequfibeachresort.com\/it\/wp-json\/wp\/v2\/types\/page"}],"author":[{"embeddable":true,"href":"https:\/\/www.mequfibeachresort.com\/it\/wp-json\/wp\/v2\/users\/1"}],"replies":[{"embeddable":true,"href":"https:\/\/www.mequfibeachresort.com\/it\/wp-json\/wp\/v2\/comments?post=1459"}],"version-history":[{"count":0,"href":"https:\/\/www.mequfibeachresort.com\/it\/wp-json\/wp\/v2\/pages\/1459\/revisions"}],"wp:attachment":[{"href":"https:\/\/www.mequfibeachresort.com\/it\/wp-json\/wp\/v2\/media?parent=1459"}],"curies":[{"name":"wp","href":"https:\/\/api.w.org\/{rel}","templated":true}]}}